{"id":56,"date":"2015-09-13T21:15:12","date_gmt":"2015-09-13T19:15:12","guid":{"rendered":"http:\/\/www.fagforbundet468.com\/portal\/?page_id=56"},"modified":"2026-02-01T20:27:00","modified_gmt":"2026-02-01T19:27:00","slug":"for-du-reiser","status":"publish","type":"page","link":"https:\/\/www.fagforbundet468.com\/portal\/leilighet\/for-du-reiser\/","title":{"rendered":"F\u00f8r du reiser"},"content":{"rendered":"<p>N\u00e5r du har f\u00e5tt tildelt v\u00e5r leilighet p\u00e5 V\u00e5gslid er det diverse sm\u00e5ting som m\u00e5 sjekkes\/ordnes f\u00f8r du reiser.<\/p>\n<ul>\n<li>N\u00f8kkel hentes og leveres etter avtale.<\/li>\n<li>Er det noe som skal fraktes opp?<\/li>\n<li>Lurt \u00e5 ta med: senget\u00f8y, h\u00e5ndkl\u00e6r, toalettpapir og ved\/briketter til eget bruk. T-lys, kaffe\/te, krydder, mel, t\u00f8rkerull, mat og drikke.<\/li>\n<li>Pass godt p\u00e5 leiligheten, og forlat den i den stand du \u00f8nsker \u00e5 finne den n\u00e5r du ankommer<\/li>\n<li>Gi beskjed om feil eller mangler!<\/li>\n<li><a href=\"http:\/\/www.fagforbundet468.com\/portal\/leilighet\/reglervedtekter\/\">Lest regler og vedtekter<\/a><\/li>\n<\/ul>\n<p><script src=\"http:\/\/www.yr.no\/sted\/Norge\/Telemark\/Vinje\/V\u00e5gsli\/ekstern_boks_tre_dager.js\"><\/script><noscript><a href=\"http:\/\/www.yr.no\/sted\/Norge\/Telemark\/Vinje\/V\u00e5gsli\/\">yr.no: V\u00e6rvarsel for V\u00e5gsli<\/a><\/noscript><\/p>\n","protected":false},"excerpt":{"rendered":"<p>N\u00e5r du har f\u00e5tt tildelt v\u00e5r leilighet p\u00e5 V\u00e5gslid er det diverse sm\u00e5ting som m\u00e5 sjekkes\/ordnes f\u00f8r du reiser. N\u00f8kkel hentes og leveres etter avtale&#8230;.<\/p>\n","protected":false},"author":2,"featured_media":0,"parent":36,"menu_order":1,"comment_status":"closed","ping_status":"closed","template":"","meta":{"jetpack_post_was_ever_published":false,"footnotes":""},"class_list":["post-56","page","type-page","status-publish","hentry"],"jetpack_sharing_enabled":true,"jetpack_shortlink":"https:\/\/wp.me\/P173ho-U","jetpack-related-posts":[{"id":36,"url":"https:\/\/www.fagforbundet468.com\/portal\/leilighet\/","url_meta":{"origin":56,"position":0},"title":"Leilighet","author":"Idar \u00c5dnesen","date":"7. september 2015","format":false,"excerpt":"Fagforbundet Avd. 468 har en flott leilighet p\u00e5 ved V\u00e5gslid p\u00e5 Haukelifjell som vi leier ut til v\u00e5re medlemmer. Leiligheten ligger flott plassert i alpinbakken med flott utsikt ut over hele dalen der det bare er \u00e5 spenne p\u00e5 seg langrenn eller alpint ski og nyte l\u00f8ypene. Leiligheten er utstyrt\u2026","rel":"","context":"Liknende innlegg","block_context":{"text":"Liknende innlegg","link":""},"img":{"alt_text":"","src":"","width":0,"height":0},"classes":[]},{"id":29,"url":"https:\/\/www.fagforbundet468.com\/portal\/ungdom\/","url_meta":{"origin":56,"position":1},"title":"Ungdom","author":"Idar \u00c5dnesen","date":"7. september 2015","format":false,"excerpt":"Fagforbundet er Norges og LOs st\u00f8rste arbeidstakerorganisasjon med om lag 340.000 medlemmer. Fagforbundet organiserer arbeidstakere i kommunale, fylkeskommunale, private og offentlige virksomheter. Fagforbundet Ungdom er ungdomsorganiseringen til Fagforbundet. Nesten 35.000 av Fagforbundets medlemmer er 30 \u00e5r eller yngre - enten de er yrkesaktive, elever, l\u00e6rlinger og studenter. Fagforbundet trenger ungdom\u2026","rel":"","context":"Liknende innlegg","block_context":{"text":"Liknende innlegg","link":""},"img":{"alt_text":"","src":"","width":0,"height":0},"classes":[]},{"id":2,"url":"https:\/\/www.fagforbundet468.com\/portal\/testside\/","url_meta":{"origin":56,"position":2},"title":"Info","author":"Admin","date":"3. september 2015","format":false,"excerpt":"Fagforbundet er LOs st\u00f8rste forbund, med over 355 000 medlemmer. V\u00e5r\u00a0hovedoppgave er \u00e5 sikre medlemmene gode og trygge l\u00f8nns- og arbeidsvilk\u00e5r. Som landets st\u00f8rste arbeidstakerorganisasjon har vi ogs\u00e5 tyngde og politisk gjennomslagskraft til \u00e5 styrke og videreutvikle velferdsstaten. Fagforbundet organiserer arbeidstakere i kommunale, fylkeskommunale, statlige, private og offentlige virksomheter og\u2026","rel":"","context":"Liknende innlegg","block_context":{"text":"Liknende innlegg","link":""},"img":{"alt_text":"","src":"","width":0,"height":0},"classes":[]},{"id":31,"url":"https:\/\/www.fagforbundet468.com\/portal\/pensjonist\/","url_meta":{"origin":56,"position":3},"title":"Pensjonist","author":"Idar \u00c5dnesen","date":"7. september 2015","format":false,"excerpt":"Fagforbundet avd. 468 har en egen pensjonistforening som treffes for sosialt og nyttig p\u00e5fyll av informasjon flere ganger i \u00e5ret. Pensjonistkontakten i foreningen er fullverdig styremedlem og er pensjonistenes lange arm inn i styret. M\u00f8tedatoer 2022 for pensjonistforeningen finner du her Pensjonistforeningen pr\u00f8ver ogs\u00e5 \u00e5 arrangere turer hvert \u00e5r der\u2026","rel":"","context":"Liknende innlegg","block_context":{"text":"Liknende innlegg","link":""},"img":{"alt_text":"","src":"","width":0,"height":0},"classes":[]},{"id":34,"url":"https:\/\/www.fagforbundet468.com\/portal\/tillitsvalgte\/","url_meta":{"origin":56,"position":4},"title":"Tillitsvalgte","author":"Idar \u00c5dnesen","date":"7. september 2015","format":false,"excerpt":"Foretakstillitsvalgt: Jorge Del Pino | Tlf:\u00a0 \u00a0 \u00a0 \u00a0 \u00a0| E-post: jorge.enrique.del.pino@helse-fonna.no Koordinerende tillitsvalgte\/HTV m\/frikj\u00f8p: Lise E. Mikalsen \u00d8vreb\u00f8 I E-post: lisovr@ihelse.net\u00a0\/\u00a0lise.eline.mikalsen.ovrebo@helse-fonna.no Stord | Birgitte Spiss\u00f8y Steinsland 20% | E-post: Valen | Gina Helland 25% | E-post: gina.helland@helse-fonna.no Plasstillitsvalgte: Klinikk for medisinske tjenester og beredskap: Radiologosik Avd og Behandlingshjelpemidler: Lise\u2026","rel":"","context":"Liknende innlegg","block_context":{"text":"Liknende innlegg","link":""},"img":{"alt_text":"","src":"","width":0,"height":0},"classes":[]},{"id":54,"url":"https:\/\/www.fagforbundet468.com\/portal\/leilighet\/reglervedtekter\/","url_meta":{"origin":56,"position":5},"title":"Vedtekter og Priser","author":"Idar \u00c5dnesen","date":"13. september 2015","format":false,"excerpt":"Leiligheten p\u00e5 V\u00e5gslid eies av medlemmene i Fagforbundet Avd. 468 og er underlagt \u00e5rsm\u00f8te i foreningen. Om man \u00f8nsker endring av regler\/vedtekter m\u00e5 dette stemmes over p\u00e5 et \u00e5rsm\u00f8te. Bruk av leiligheten: Leiligheten er beregnet til bruk for medlemmer sammen med familie\/venner. Det forutsettes at de som f\u00e5r tildelt leiligheten\u2026","rel":"","context":"Liknende innlegg","block_context":{"text":"Liknende innlegg","link":""},"img":{"alt_text":"","src":"","width":0,"height":0},"classes":[]}],"_links":{"self":[{"href":"https:\/\/www.fagforbundet468.com\/portal\/wp-json\/wp\/v2\/pages\/56","targetHints":{"allow":["GET"]}}],"collection":[{"href":"https:\/\/www.fagforbundet468.com\/portal\/wp-json\/wp\/v2\/pages"}],"about":[{"href":"https:\/\/www.fagforbundet468.com\/portal\/wp-json\/wp\/v2\/types\/page"}],"author":[{"embeddable":true,"href":"https:\/\/www.fagforbundet468.com\/portal\/wp-json\/wp\/v2\/users\/2"}],"replies":[{"embeddable":true,"href":"https:\/\/www.fagforbundet468.com\/portal\/wp-json\/wp\/v2\/comments?post=56"}],"version-history":[{"count":6,"href":"https:\/\/www.fagforbundet468.com\/portal\/wp-json\/wp\/v2\/pages\/56\/revisions"}],"predecessor-version":[{"id":1145,"href":"https:\/\/www.fagforbundet468.com\/portal\/wp-json\/wp\/v2\/pages\/56\/revisions\/1145"}],"up":[{"embeddable":true,"href":"https:\/\/www.fagforbundet468.com\/portal\/wp-json\/wp\/v2\/pages\/36"}],"wp:attachment":[{"href":"https:\/\/www.fagforbundet468.com\/portal\/wp-json\/wp\/v2\/media?parent=56"}],"curies":[{"name":"wp","href":"https:\/\/api.w.org\/{rel}","templated":true}]}}