{"id":31,"date":"2015-09-07T13:09:15","date_gmt":"2015-09-07T11:09:15","guid":{"rendered":"http:\/\/www.fagforbundet468.com\/portal\/?page_id=31"},"modified":"2026-02-01T20:55:38","modified_gmt":"2026-02-01T19:55:38","slug":"pensjonist","status":"publish","type":"page","link":"https:\/\/www.fagforbundet468.com\/portal\/pensjonist\/","title":{"rendered":"Pensjonist"},"content":{"rendered":"<p>Fagforbundet avd. 468 har en egen pensjonistforening som treffes for sosialt og nyttig p\u00e5fyll av informasjon flere ganger i \u00e5ret. Pensjonistkontakten i foreningen er fullverdig styremedlem og er pensjonistenes lange arm inn i styret.<\/p>\n<blockquote><p><a href=\"http:\/\/www.fagforbundet468.com\/portal\/2015\/12\/05\/motedatoer-pensjonistforeningen-2016\/\">M\u00f8tedatoer 2022 for pensjonistforeningen finner du her<\/a><\/p><\/blockquote>\n<p>Pensjonistforeningen pr\u00f8ver ogs\u00e5 \u00e5 arrangere turer hvert \u00e5r der det av og til er overnatting.<\/p>\n<p><strong>Pensjonistkontakt i avd. 468:<\/strong><\/p>\n<p>Laura Lill Haavik &#8211; <strong>E-post:<\/strong> <a href=\"mailto:laura.lill.haavik@haugnett.no\">laura.lill.haavik@haugnett.no<\/a><\/p>\n<blockquote><p><a href=\"http:\/\/www.fagforbundet.no\/tema\/pensjon\/\" target=\"_blank\" rel=\"noopener\">Mer om pensjon og rettigheter finner du p\u00e5 Fagforbundet sine nettsider<\/a><\/p><\/blockquote>\n","protected":false},"excerpt":{"rendered":"<p>Fagforbundet avd. 468 har en egen pensjonistforening som treffes for sosialt og nyttig p\u00e5fyll av informasjon flere ganger i \u00e5ret. Pensjonistkontakten i foreningen er fullverdig&#8230;<\/p>\n","protected":false},"author":2,"featured_media":0,"parent":0,"menu_order":5,"comment_status":"closed","ping_status":"closed","template":"","meta":{"jetpack_post_was_ever_published":false,"footnotes":""},"class_list":["post-31","page","type-page","status-publish","hentry"],"jetpack_sharing_enabled":true,"jetpack_shortlink":"https:\/\/wp.me\/P173ho-v","jetpack-related-posts":[{"id":29,"url":"https:\/\/www.fagforbundet468.com\/portal\/ungdom\/","url_meta":{"origin":31,"position":0},"title":"Ungdom","author":"Idar \u00c5dnesen","date":"7. september 2015","format":false,"excerpt":"Fagforbundet er Norges og LOs st\u00f8rste arbeidstakerorganisasjon med om lag 340.000 medlemmer. Fagforbundet organiserer arbeidstakere i kommunale, fylkeskommunale, private og offentlige virksomheter. Fagforbundet Ungdom er ungdomsorganiseringen til Fagforbundet. Nesten 35.000 av Fagforbundets medlemmer er 30 \u00e5r eller yngre - enten de er yrkesaktive, elever, l\u00e6rlinger og studenter. Fagforbundet trenger ungdom\u2026","rel":"","context":"Liknende innlegg","block_context":{"text":"Liknende innlegg","link":""},"img":{"alt_text":"","src":"","width":0,"height":0},"classes":[]},{"id":36,"url":"https:\/\/www.fagforbundet468.com\/portal\/leilighet\/","url_meta":{"origin":31,"position":1},"title":"Leilighet","author":"Idar \u00c5dnesen","date":"7. september 2015","format":false,"excerpt":"Fagforbundet Avd. 468 har en flott leilighet p\u00e5 ved V\u00e5gslid p\u00e5 Haukelifjell som vi leier ut til v\u00e5re medlemmer. Leiligheten ligger flott plassert i alpinbakken med flott utsikt ut over hele dalen der det bare er \u00e5 spenne p\u00e5 seg langrenn eller alpint ski og nyte l\u00f8ypene. Leiligheten er utstyrt\u2026","rel":"","context":"Liknende innlegg","block_context":{"text":"Liknende innlegg","link":""},"img":{"alt_text":"","src":"","width":0,"height":0},"classes":[]},{"id":54,"url":"https:\/\/www.fagforbundet468.com\/portal\/leilighet\/reglervedtekter\/","url_meta":{"origin":31,"position":2},"title":"Vedtekter og Priser","author":"Idar \u00c5dnesen","date":"13. september 2015","format":false,"excerpt":"Leiligheten p\u00e5 V\u00e5gslid eies av medlemmene i Fagforbundet Avd. 468 og er underlagt \u00e5rsm\u00f8te i foreningen. Om man \u00f8nsker endring av regler\/vedtekter m\u00e5 dette stemmes over p\u00e5 et \u00e5rsm\u00f8te. Bruk av leiligheten: Leiligheten er beregnet til bruk for medlemmer sammen med familie\/venner. Det forutsettes at de som f\u00e5r tildelt leiligheten\u2026","rel":"","context":"Liknende innlegg","block_context":{"text":"Liknende innlegg","link":""},"img":{"alt_text":"","src":"","width":0,"height":0},"classes":[]},{"id":2,"url":"https:\/\/www.fagforbundet468.com\/portal\/testside\/","url_meta":{"origin":31,"position":3},"title":"Info","author":"Admin","date":"3. september 2015","format":false,"excerpt":"Fagforbundet er LOs st\u00f8rste forbund, med over 355 000 medlemmer. V\u00e5r\u00a0hovedoppgave er \u00e5 sikre medlemmene gode og trygge l\u00f8nns- og arbeidsvilk\u00e5r. Som landets st\u00f8rste arbeidstakerorganisasjon har vi ogs\u00e5 tyngde og politisk gjennomslagskraft til \u00e5 styrke og videreutvikle velferdsstaten. Fagforbundet organiserer arbeidstakere i kommunale, fylkeskommunale, statlige, private og offentlige virksomheter og\u2026","rel":"","context":"Liknende innlegg","block_context":{"text":"Liknende innlegg","link":""},"img":{"alt_text":"","src":"","width":0,"height":0},"classes":[]},{"id":21,"url":"https:\/\/www.fagforbundet468.com\/portal\/seksjoner\/","url_meta":{"origin":31,"position":4},"title":"Yrkesseksjoner","author":"Idar \u00c5dnesen","date":"7. september 2015","format":false,"excerpt":"\u00a0 \u00a0 \u00a0 \u00a0 Fagforbundet er delt inn i 4 yrkesfaglige seksjoner. Seksjonens hovedoppgaver er \u00e5 tilrettelegge for gode faglige og politiske rammer for seksjonens yrkesgrupper. Seksjonene har egne valgte styrer og budsjetter som er fordelt etter antall medlemmer. Mer om v\u00e5re seksjoner finner du under. SosialYrkesseksjon HS Yrkesseksjon ST\u2026","rel":"","context":"Liknende innlegg","block_context":{"text":"Liknende innlegg","link":""},"img":{"alt_text":"","src":"","width":0,"height":0},"classes":[]},{"id":19,"url":"https:\/\/www.fagforbundet468.com\/portal\/kontakt\/","url_meta":{"origin":31,"position":5},"title":"Kontakt","author":"Idar \u00c5dnesen","date":"7. september 2015","format":false,"excerpt":"Fagforbundet Helse Sydvest avd. 468 c\/o Karmsundsgaten 120 5521 Haugesund Telefon:\u00a052 73 20 80 |\u00a0Telefon:\u00a0483 41 517 Kontaktinformasjon Koordinerende Tillitsvalgt \/\u00a0Hovedtillitsvalgt: Lise E. Mikalsen \u00d8vreb\u00f8, e-post \u00a0lisovr@ihelse.net\u00a0\/\u00a0lise.eline.mikalsen.ovrebo@helse-fonna.no Telefon: 456 73 708 \u00d8nsker du kontakt med andre i foreningen kan du se p\u00e5 v\u00e5r styreoversikt evt. oversikt over tillitsvalgte","rel":"","context":"Liknende innlegg","block_context":{"text":"Liknende innlegg","link":""},"img":{"alt_text":"","src":"","width":0,"height":0},"classes":[]}],"_links":{"self":[{"href":"https:\/\/www.fagforbundet468.com\/portal\/wp-json\/wp\/v2\/pages\/31","targetHints":{"allow":["GET"]}}],"collection":[{"href":"https:\/\/www.fagforbundet468.com\/portal\/wp-json\/wp\/v2\/pages"}],"about":[{"href":"https:\/\/www.fagforbundet468.com\/portal\/wp-json\/wp\/v2\/types\/page"}],"author":[{"embeddable":true,"href":"https:\/\/www.fagforbundet468.com\/portal\/wp-json\/wp\/v2\/users\/2"}],"replies":[{"embeddable":true,"href":"https:\/\/www.fagforbundet468.com\/portal\/wp-json\/wp\/v2\/comments?post=31"}],"version-history":[{"count":11,"href":"https:\/\/www.fagforbundet468.com\/portal\/wp-json\/wp\/v2\/pages\/31\/revisions"}],"predecessor-version":[{"id":1150,"href":"https:\/\/www.fagforbundet468.com\/portal\/wp-json\/wp\/v2\/pages\/31\/revisions\/1150"}],"wp:attachment":[{"href":"https:\/\/www.fagforbundet468.com\/portal\/wp-json\/wp\/v2\/media?parent=31"}],"curies":[{"name":"wp","href":"https:\/\/api.w.org\/{rel}","templated":true}]}}