{"id":27,"date":"2015-09-07T13:08:53","date_gmt":"2015-09-07T11:08:53","guid":{"rendered":"http:\/\/www.fagforbundet468.com\/portal\/?page_id=27"},"modified":"2026-02-01T20:38:32","modified_gmt":"2026-02-01T19:38:32","slug":"shs","status":"publish","type":"page","link":"https:\/\/www.fagforbundet468.com\/portal\/seksjoner\/shs\/","title":{"rendered":"HS"},"content":{"rendered":"<p><a href=\"https:\/\/i0.wp.com\/www.fagforbundet468.com\/portal\/wp-content\/uploads\/shs_tekst.jpg\"><img data-recalc-dims=\"1\" loading=\"lazy\" decoding=\"async\" data-attachment-id=\"75\" data-permalink=\"https:\/\/www.fagforbundet468.com\/portal\/testside\/shs_tekst\/\" data-orig-file=\"https:\/\/i0.wp.com\/www.fagforbundet468.com\/portal\/wp-content\/uploads\/shs_tekst.jpg?fit=132%2C132&amp;ssl=1\" data-orig-size=\"132,132\" data-comments-opened=\"1\" data-image-meta=\"{&quot;aperture&quot;:&quot;0&quot;,&quot;credit&quot;:&quot;&quot;,&quot;camera&quot;:&quot;&quot;,&quot;caption&quot;:&quot;&quot;,&quot;created_timestamp&quot;:&quot;0&quot;,&quot;copyright&quot;:&quot;&quot;,&quot;focal_length&quot;:&quot;0&quot;,&quot;iso&quot;:&quot;0&quot;,&quot;shutter_speed&quot;:&quot;0&quot;,&quot;title&quot;:&quot;&quot;,&quot;orientation&quot;:&quot;0&quot;}\" data-image-title=\"shs_tekst\" data-image-description=\"\" data-image-caption=\"\" data-medium-file=\"https:\/\/i0.wp.com\/www.fagforbundet468.com\/portal\/wp-content\/uploads\/shs_tekst.jpg?fit=132%2C132&amp;ssl=1\" data-large-file=\"https:\/\/i0.wp.com\/www.fagforbundet468.com\/portal\/wp-content\/uploads\/shs_tekst.jpg?fit=132%2C132&amp;ssl=1\" class=\"alignleft size-full wp-image-75\" src=\"https:\/\/i0.wp.com\/www.fagforbundet468.com\/portal\/wp-content\/uploads\/shs_tekst.jpg?resize=132%2C132\" alt=\"shs_tekst\" width=\"132\" height=\"132\" \/><\/a>Seksjon helse og sosial (SHS) er en av Fagforbundets fire seksjoner. Seksjonens hovedoppgaver er \u00e5 tilrettelegge for gode faglige og politiske rammer for seksjonens yrkesgrupper.<\/p>\n<p>Seksjonen lokalt her eget styre og eget budsjett som brukes til aktiviteter for medlemmene.<\/p>\n<p><strong>Seksjonens leder lokalt: : Monica Normann &#8211; E-post: <\/strong><a href=\"mailto:monica.normann@helse-fonna.no\">monica.normann@helse-fonna.no<\/a><\/p>\n\n\n<p><\/p>\n","protected":false},"excerpt":{"rendered":"<p>Seksjon helse og sosial (SHS) er en av Fagforbundets fire seksjoner. Seksjonens hovedoppgaver er \u00e5 tilrettelegge for gode faglige og politiske rammer for seksjonens yrkesgrupper&#8230;.<\/p>\n","protected":false},"author":2,"featured_media":0,"parent":21,"menu_order":0,"comment_status":"closed","ping_status":"closed","template":"","meta":{"jetpack_post_was_ever_published":false,"footnotes":""},"class_list":["post-27","page","type-page","status-publish","hentry"],"jetpack_sharing_enabled":true,"jetpack_shortlink":"https:\/\/wp.me\/P173ho-r","jetpack-related-posts":[{"id":25,"url":"https:\/\/www.fagforbundet468.com\/portal\/seksjoner\/sst\/","url_meta":{"origin":27,"position":0},"title":"ST","author":"Idar \u00c5dnesen","date":"7. september 2015","format":false,"excerpt":"SST er en av Fagforbundets fire seksjoner. Seksjonens hovedoppgaver \u00e5 tilrettelegge for gode faglige og politiske rammer for ut\u00f8velsen til seksjonens yrkesgrupper. SST organiserer over 60 000 ansatte i kommunale og private virksomheter nasjonalt og ca. 100 lokalt.\u00a0Den st\u00f8rste gruppa er renholdere og renholdsoperat\u00f8rer, som utgj\u00f8r rundt halvparten av medlemmene\u2026","rel":"","context":"Liknende innlegg","block_context":{"text":"Liknende innlegg","link":""},"img":{"alt_text":"","src":"","width":0,"height":0},"classes":[]},{"id":23,"url":"https:\/\/www.fagforbundet468.com\/portal\/seksjoner\/ska\/","url_meta":{"origin":27,"position":1},"title":"KA","author":"Idar \u00c5dnesen","date":"7. september 2015","format":false,"excerpt":"SKA er en av Fagforbundets fire seksjoner, og har som\u00a0hovedoppgave \u00e5 tilrettelegge for gode faglige og politiske rammer for ut\u00f8velsen til seksjonens yrkesgrupper. Seksjon kontor og administrasjon organiserer mange ulike yrkesgrupper, blant andre sekret\u00e6rer, arkivarer, IKT- fagarbeidere, r\u00e5dmenn, \u00f8konomer, personalmedarbeider og resepsjonister. Seksjonen lokalt her eget styre og eget budsjett\u2026","rel":"","context":"Liknende innlegg","block_context":{"text":"Liknende innlegg","link":""},"img":{"alt_text":"","src":"","width":0,"height":0},"classes":[]},{"id":21,"url":"https:\/\/www.fagforbundet468.com\/portal\/seksjoner\/","url_meta":{"origin":27,"position":2},"title":"Yrkesseksjoner","author":"Idar \u00c5dnesen","date":"7. september 2015","format":false,"excerpt":"\u00a0 \u00a0 \u00a0 \u00a0 Fagforbundet er delt inn i 4 yrkesfaglige seksjoner. Seksjonens hovedoppgaver er \u00e5 tilrettelegge for gode faglige og politiske rammer for seksjonens yrkesgrupper. Seksjonene har egne valgte styrer og budsjetter som er fordelt etter antall medlemmer. Mer om v\u00e5re seksjoner finner du under. SosialYrkesseksjon HS Yrkesseksjon ST\u2026","rel":"","context":"Liknende innlegg","block_context":{"text":"Liknende innlegg","link":""},"img":{"alt_text":"","src":"","width":0,"height":0},"classes":[]},{"id":34,"url":"https:\/\/www.fagforbundet468.com\/portal\/tillitsvalgte\/","url_meta":{"origin":27,"position":3},"title":"Tillitsvalgte","author":"Idar \u00c5dnesen","date":"7. september 2015","format":false,"excerpt":"Foretakstillitsvalgt: Jorge Del Pino | Tlf:\u00a0 \u00a0 \u00a0 \u00a0 \u00a0| E-post: jorge.enrique.del.pino@helse-fonna.no Koordinerende tillitsvalgte\/HTV m\/frikj\u00f8p: Lise E. Mikalsen \u00d8vreb\u00f8 I E-post: lisovr@ihelse.net\u00a0\/\u00a0lise.eline.mikalsen.ovrebo@helse-fonna.no Stord | Birgitte Spiss\u00f8y Steinsland 20% | E-post: Valen | Gina Helland 25% | E-post: gina.helland@helse-fonna.no Plasstillitsvalgte: Klinikk for medisinske tjenester og beredskap: Radiologosik Avd og Behandlingshjelpemidler: Lise\u2026","rel":"","context":"Liknende innlegg","block_context":{"text":"Liknende innlegg","link":""},"img":{"alt_text":"","src":"","width":0,"height":0},"classes":[]},{"id":56,"url":"https:\/\/www.fagforbundet468.com\/portal\/leilighet\/for-du-reiser\/","url_meta":{"origin":27,"position":4},"title":"F\u00f8r du reiser","author":"Idar \u00c5dnesen","date":"13. september 2015","format":false,"excerpt":"N\u00e5r du har f\u00e5tt tildelt v\u00e5r leilighet p\u00e5 V\u00e5gslid er det diverse sm\u00e5ting som m\u00e5 sjekkes\/ordnes f\u00f8r du reiser. N\u00f8kkel hentes og leveres etter avtale. Er det noe som skal fraktes opp? Lurt \u00e5 ta med: senget\u00f8y, h\u00e5ndkl\u00e6r, toalettpapir og ved\/briketter til eget bruk. T-lys, kaffe\/te, krydder, mel, t\u00f8rkerull, mat\u2026","rel":"","context":"Liknende innlegg","block_context":{"text":"Liknende innlegg","link":""},"img":{"alt_text":"","src":"","width":0,"height":0},"classes":[]},{"id":17,"url":"https:\/\/www.fagforbundet468.com\/portal\/testside\/styret\/","url_meta":{"origin":27,"position":5},"title":"Styret","author":"Idar \u00c5dnesen","date":"7. september 2015","format":false,"excerpt":"Leder: Cecilie B. Handeland | E-post: cecilie.badsvik.handeland@helse-fonna.no Nestleder: Anne Margrethe Ulland| E-post: anne.margrethe.ulland@helse-fonna.no Kasserer: Hanne H\u00f8ie \u00a0| E-post: hanne.hoie@helse-fonna.no Booking Ansvarlig: Laura Lill Haavik | E-post: laura.lill.haavik@haugnett.no Sekret\u00e6r: K\u00e6rry Pettersen | E-post: k-pettersen@hotmail.com Oppl\u00e6ringsansvarlig: Astrid Behrends | E-post: astrid.behrends@helse-fonna.no Fane 2 Ansvarlig: Raghild Kj\u00f8llmoen Aar\u00f8 | E-post: rkj@karmoy.kommune.no Pensjonist Kontakt:\u2026","rel":"","context":"Liknende innlegg","block_context":{"text":"Liknende innlegg","link":""},"img":{"alt_text":"","src":"","width":0,"height":0},"classes":[]}],"_links":{"self":[{"href":"https:\/\/www.fagforbundet468.com\/portal\/wp-json\/wp\/v2\/pages\/27","targetHints":{"allow":["GET"]}}],"collection":[{"href":"https:\/\/www.fagforbundet468.com\/portal\/wp-json\/wp\/v2\/pages"}],"about":[{"href":"https:\/\/www.fagforbundet468.com\/portal\/wp-json\/wp\/v2\/types\/page"}],"author":[{"embeddable":true,"href":"https:\/\/www.fagforbundet468.com\/portal\/wp-json\/wp\/v2\/users\/2"}],"replies":[{"embeddable":true,"href":"https:\/\/www.fagforbundet468.com\/portal\/wp-json\/wp\/v2\/comments?post=27"}],"version-history":[{"count":7,"href":"https:\/\/www.fagforbundet468.com\/portal\/wp-json\/wp\/v2\/pages\/27\/revisions"}],"predecessor-version":[{"id":1148,"href":"https:\/\/www.fagforbundet468.com\/portal\/wp-json\/wp\/v2\/pages\/27\/revisions\/1148"}],"up":[{"embeddable":true,"href":"https:\/\/www.fagforbundet468.com\/portal\/wp-json\/wp\/v2\/pages\/21"}],"wp:attachment":[{"href":"https:\/\/www.fagforbundet468.com\/portal\/wp-json\/wp\/v2\/media?parent=27"}],"curies":[{"name":"wp","href":"https:\/\/api.w.org\/{rel}","templated":true}]}}