{"id":21,"date":"2015-09-07T13:08:15","date_gmt":"2015-09-07T11:08:15","guid":{"rendered":"http:\/\/www.fagforbundet468.com\/portal\/?page_id=21"},"modified":"2018-02-28T22:58:07","modified_gmt":"2018-02-28T21:58:07","slug":"seksjoner","status":"publish","type":"page","link":"https:\/\/www.fagforbundet468.com\/portal\/seksjoner\/","title":{"rendered":"Yrkesseksjoner"},"content":{"rendered":"<p><a href=\"https:\/\/i0.wp.com\/www.fagforbundet468.com\/portal\/wp-content\/uploads\/banner_seksjoner1.jpg\"><img data-recalc-dims=\"1\" loading=\"lazy\" decoding=\"async\" data-attachment-id=\"83\" data-permalink=\"https:\/\/www.fagforbundet468.com\/portal\/testside\/banner_seksjoner-2\/\" data-orig-file=\"https:\/\/i0.wp.com\/www.fagforbundet468.com\/portal\/wp-content\/uploads\/banner_seksjoner1.jpg?fit=600%2C132&amp;ssl=1\" data-orig-size=\"600,132\" data-comments-opened=\"1\" data-image-meta=\"{&quot;aperture&quot;:&quot;0&quot;,&quot;credit&quot;:&quot;&quot;,&quot;camera&quot;:&quot;&quot;,&quot;caption&quot;:&quot;&quot;,&quot;created_timestamp&quot;:&quot;0&quot;,&quot;copyright&quot;:&quot;&quot;,&quot;focal_length&quot;:&quot;0&quot;,&quot;iso&quot;:&quot;0&quot;,&quot;shutter_speed&quot;:&quot;0&quot;,&quot;title&quot;:&quot;&quot;,&quot;orientation&quot;:&quot;0&quot;}\" data-image-title=\"banner_seksjoner\" data-image-description=\"\" data-image-caption=\"\" data-medium-file=\"https:\/\/i0.wp.com\/www.fagforbundet468.com\/portal\/wp-content\/uploads\/banner_seksjoner1.jpg?fit=300%2C66&amp;ssl=1\" data-large-file=\"https:\/\/i0.wp.com\/www.fagforbundet468.com\/portal\/wp-content\/uploads\/banner_seksjoner1.jpg?fit=600%2C132&amp;ssl=1\" class=\"size-full wp-image-83 alignleft\" src=\"https:\/\/i0.wp.com\/www.fagforbundet468.com\/portal\/wp-content\/uploads\/banner_seksjoner1.jpg?resize=600%2C132\" alt=\"banner_seksjoner\" width=\"600\" height=\"132\" srcset=\"https:\/\/i0.wp.com\/www.fagforbundet468.com\/portal\/wp-content\/uploads\/banner_seksjoner1.jpg?w=600&amp;ssl=1 600w, https:\/\/i0.wp.com\/www.fagforbundet468.com\/portal\/wp-content\/uploads\/banner_seksjoner1.jpg?resize=300%2C66&amp;ssl=1 300w\" sizes=\"auto, (max-width: 600px) 100vw, 600px\" \/><\/a><\/p>\n<p>&nbsp;<\/p>\n<p>&nbsp;<\/p>\n<p>&nbsp;<\/p>\n<p>&nbsp;<\/p>\n<p>Fagforbundet er delt inn i 4 yrkesfaglige seksjoner. Seksjonens hovedoppgaver er \u00e5 tilrettelegge for gode faglige og politiske rammer for seksjonens yrkesgrupper. Seksjonene har egne valgte styrer og budsjetter som er fordelt etter antall medlemmer. Mer om v\u00e5re seksjoner finner du under.<\/p>\n<ul>\n<li><a href=\"http:\/\/www.fagforbundet468.com\/portal\/seksjoner\/shs\/\">SosialYrkesseksjon HS<\/a><\/li>\n<li><a href=\"http:\/\/www.fagforbundet468.com\/portal\/seksjoner\/sst\/\">Yrkesseksjon ST<\/a><\/li>\n<li><a href=\"http:\/\/www.fagforbundet468.com\/portal\/seksjoner\/ska\/\">Yrkesseksjon KA<\/a><\/li>\n<li>Yrkesseksjon KKO (Ingen medlemmer i KKO)<\/li>\n<\/ul>\n<blockquote><p><span style=\"color: #ff0000;\"><strong>SAMMEN E ME S\u00c5 MYE BEDRE<\/strong><\/span><\/p><\/blockquote>\n<p>&nbsp;<\/p>\n<p>&nbsp;<\/p>\n<p>&nbsp;<\/p>\n","protected":false},"excerpt":{"rendered":"<p>&nbsp; &nbsp; &nbsp; &nbsp; Fagforbundet er delt inn i 4 yrkesfaglige seksjoner. Seksjonens hovedoppgaver er \u00e5 tilrettelegge for gode faglige og politiske rammer for seksjonens&#8230;<\/p>\n","protected":false},"author":2,"featured_media":0,"parent":0,"menu_order":3,"comment_status":"closed","ping_status":"closed","template":"","meta":{"jetpack_post_was_ever_published":false,"footnotes":""},"class_list":["post-21","page","type-page","status-publish","hentry"],"jetpack_sharing_enabled":true,"jetpack_shortlink":"https:\/\/wp.me\/P173ho-l","jetpack-related-posts":[{"id":27,"url":"https:\/\/www.fagforbundet468.com\/portal\/seksjoner\/shs\/","url_meta":{"origin":21,"position":0},"title":"HS","author":"Idar \u00c5dnesen","date":"7. september 2015","format":false,"excerpt":"Seksjon helse og sosial (SHS) er en av Fagforbundets fire seksjoner. Seksjonens hovedoppgaver er \u00e5 tilrettelegge for gode faglige og politiske rammer for seksjonens yrkesgrupper. Seksjonen lokalt her eget styre og eget budsjett som brukes til aktiviteter for medlemmene. Seksjonens leder lokalt: : Monica Normann - E-post: monica.normann@helse-fonna.no","rel":"","context":"Liknende innlegg","block_context":{"text":"Liknende innlegg","link":""},"img":{"alt_text":"","src":"","width":0,"height":0},"classes":[]},{"id":25,"url":"https:\/\/www.fagforbundet468.com\/portal\/seksjoner\/sst\/","url_meta":{"origin":21,"position":1},"title":"ST","author":"Idar \u00c5dnesen","date":"7. september 2015","format":false,"excerpt":"SST er en av Fagforbundets fire seksjoner. Seksjonens hovedoppgaver \u00e5 tilrettelegge for gode faglige og politiske rammer for ut\u00f8velsen til seksjonens yrkesgrupper. SST organiserer over 60 000 ansatte i kommunale og private virksomheter nasjonalt og ca. 100 lokalt.\u00a0Den st\u00f8rste gruppa er renholdere og renholdsoperat\u00f8rer, som utgj\u00f8r rundt halvparten av medlemmene\u2026","rel":"","context":"Liknende innlegg","block_context":{"text":"Liknende innlegg","link":""},"img":{"alt_text":"","src":"","width":0,"height":0},"classes":[]},{"id":23,"url":"https:\/\/www.fagforbundet468.com\/portal\/seksjoner\/ska\/","url_meta":{"origin":21,"position":2},"title":"KA","author":"Idar \u00c5dnesen","date":"7. september 2015","format":false,"excerpt":"SKA er en av Fagforbundets fire seksjoner, og har som\u00a0hovedoppgave \u00e5 tilrettelegge for gode faglige og politiske rammer for ut\u00f8velsen til seksjonens yrkesgrupper. Seksjon kontor og administrasjon organiserer mange ulike yrkesgrupper, blant andre sekret\u00e6rer, arkivarer, IKT- fagarbeidere, r\u00e5dmenn, \u00f8konomer, personalmedarbeider og resepsjonister. Seksjonen lokalt her eget styre og eget budsjett\u2026","rel":"","context":"Liknende innlegg","block_context":{"text":"Liknende innlegg","link":""},"img":{"alt_text":"","src":"","width":0,"height":0},"classes":[]},{"id":2,"url":"https:\/\/www.fagforbundet468.com\/portal\/testside\/","url_meta":{"origin":21,"position":3},"title":"Info","author":"Admin","date":"3. september 2015","format":false,"excerpt":"Fagforbundet er LOs st\u00f8rste forbund, med over 355 000 medlemmer. V\u00e5r\u00a0hovedoppgave er \u00e5 sikre medlemmene gode og trygge l\u00f8nns- og arbeidsvilk\u00e5r. Som landets st\u00f8rste arbeidstakerorganisasjon har vi ogs\u00e5 tyngde og politisk gjennomslagskraft til \u00e5 styrke og videreutvikle velferdsstaten. Fagforbundet organiserer arbeidstakere i kommunale, fylkeskommunale, statlige, private og offentlige virksomheter og\u2026","rel":"","context":"Liknende innlegg","block_context":{"text":"Liknende innlegg","link":""},"img":{"alt_text":"","src":"","width":0,"height":0},"classes":[]},{"id":54,"url":"https:\/\/www.fagforbundet468.com\/portal\/leilighet\/reglervedtekter\/","url_meta":{"origin":21,"position":4},"title":"Vedtekter og Priser","author":"Idar \u00c5dnesen","date":"13. september 2015","format":false,"excerpt":"Leiligheten p\u00e5 V\u00e5gslid eies av medlemmene i Fagforbundet Avd. 468 og er underlagt \u00e5rsm\u00f8te i foreningen. Om man \u00f8nsker endring av regler\/vedtekter m\u00e5 dette stemmes over p\u00e5 et \u00e5rsm\u00f8te. Bruk av leiligheten: Leiligheten er beregnet til bruk for medlemmer sammen med familie\/venner. Det forutsettes at de som f\u00e5r tildelt leiligheten\u2026","rel":"","context":"Liknende innlegg","block_context":{"text":"Liknende innlegg","link":""},"img":{"alt_text":"","src":"","width":0,"height":0},"classes":[]},{"id":29,"url":"https:\/\/www.fagforbundet468.com\/portal\/ungdom\/","url_meta":{"origin":21,"position":5},"title":"Ungdom","author":"Idar \u00c5dnesen","date":"7. september 2015","format":false,"excerpt":"Fagforbundet er Norges og LOs st\u00f8rste arbeidstakerorganisasjon med om lag 340.000 medlemmer. Fagforbundet organiserer arbeidstakere i kommunale, fylkeskommunale, private og offentlige virksomheter. Fagforbundet Ungdom er ungdomsorganiseringen til Fagforbundet. Nesten 35.000 av Fagforbundets medlemmer er 30 \u00e5r eller yngre - enten de er yrkesaktive, elever, l\u00e6rlinger og studenter. Fagforbundet trenger ungdom\u2026","rel":"","context":"Liknende innlegg","block_context":{"text":"Liknende innlegg","link":""},"img":{"alt_text":"","src":"","width":0,"height":0},"classes":[]}],"_links":{"self":[{"href":"https:\/\/www.fagforbundet468.com\/portal\/wp-json\/wp\/v2\/pages\/21","targetHints":{"allow":["GET"]}}],"collection":[{"href":"https:\/\/www.fagforbundet468.com\/portal\/wp-json\/wp\/v2\/pages"}],"about":[{"href":"https:\/\/www.fagforbundet468.com\/portal\/wp-json\/wp\/v2\/types\/page"}],"author":[{"embeddable":true,"href":"https:\/\/www.fagforbundet468.com\/portal\/wp-json\/wp\/v2\/users\/2"}],"replies":[{"embeddable":true,"href":"https:\/\/www.fagforbundet468.com\/portal\/wp-json\/wp\/v2\/comments?post=21"}],"version-history":[{"count":6,"href":"https:\/\/www.fagforbundet468.com\/portal\/wp-json\/wp\/v2\/pages\/21\/revisions"}],"predecessor-version":[{"id":492,"href":"https:\/\/www.fagforbundet468.com\/portal\/wp-json\/wp\/v2\/pages\/21\/revisions\/492"}],"wp:attachment":[{"href":"https:\/\/www.fagforbundet468.com\/portal\/wp-json\/wp\/v2\/media?parent=21"}],"curies":[{"name":"wp","href":"https:\/\/api.w.org\/{rel}","templated":true}]}}