{"id":2,"date":"2015-09-03T20:52:18","date_gmt":"2015-09-03T18:52:18","guid":{"rendered":"http:\/\/www.fagforbundet468.com\/portal\/?page_id=2"},"modified":"2016-12-06T23:06:33","modified_gmt":"2016-12-06T22:06:33","slug":"testside","status":"publish","type":"page","link":"https:\/\/www.fagforbundet468.com\/portal\/testside\/","title":{"rendered":"Info"},"content":{"rendered":"<p>Fagforbundet er LOs st\u00f8rste forbund, med over 355 000 medlemmer. V\u00e5r\u00a0hovedoppgave er \u00e5 sikre medlemmene gode og trygge l\u00f8nns- og arbeidsvilk\u00e5r. Som landets st\u00f8rste arbeidstakerorganisasjon har vi ogs\u00e5 tyngde og politisk gjennomslagskraft til \u00e5 styrke og videreutvikle velferdsstaten.<\/p>\n<p>Fagforbundet organiserer arbeidstakere i kommunale, fylkeskommunale, statlige, private og offentlige virksomheter og i sykehusene med alle st\u00f8ttefunksjoner. L\u00e6rlinger, skoleelever og studenter er ogs\u00e5 velkomne som medlemmer.<\/p>\n<ul>\n<li><strong><a href=\"http:\/\/www.fagforbundet.no\/bli-medlem\">Les mer om medlemsfordelene<\/a>\u00a0<\/strong>(\u00e5pnes i nytt vindu)<\/li>\n<\/ul>\n<p>Fagforbundet mener at kommunene skal ha sunn \u00f8konomi, fordi du skal ha tilgang p\u00e5 gode velferdstjenester uansett hvor du bor og hvor tykk lommebok du har. Av samme grunn jobber vi ogs\u00e5 for bedre <strong>kvalitet<\/strong> og <strong>gode yrkesfaglige tilbud<\/strong>, og mot privatisering og konkurranseutsetting.<\/p>\n<p>Fagforbundet arbeider for likestilling og likeverd i et mangfoldig arbeidsliv. Vi kjemper for likel\u00f8nn og lik status mellom kvinnedominerte og mannsdominerte yrker.<\/p>\n<p>N\u00e5r man er medlem i Fagforbundet er man ogs\u00e5 knyttet til en seksjon som jobber med yrkesfaglige kurs og arrangementer i lokal regi. Les mer om v\u00e5re seksjoner under.<\/p>\n<p style=\"text-align: center;\"><a href=\"http:\/\/www.fagforbundet468.com\/portal\/seksjoner\/\"><img data-recalc-dims=\"1\" loading=\"lazy\" decoding=\"async\" data-attachment-id=\"83\" data-permalink=\"https:\/\/www.fagforbundet468.com\/portal\/testside\/banner_seksjoner-2\/\" data-orig-file=\"https:\/\/i0.wp.com\/www.fagforbundet468.com\/portal\/wp-content\/uploads\/banner_seksjoner1.jpg?fit=600%2C132&amp;ssl=1\" data-orig-size=\"600,132\" data-comments-opened=\"1\" data-image-meta=\"{&quot;aperture&quot;:&quot;0&quot;,&quot;credit&quot;:&quot;&quot;,&quot;camera&quot;:&quot;&quot;,&quot;caption&quot;:&quot;&quot;,&quot;created_timestamp&quot;:&quot;0&quot;,&quot;copyright&quot;:&quot;&quot;,&quot;focal_length&quot;:&quot;0&quot;,&quot;iso&quot;:&quot;0&quot;,&quot;shutter_speed&quot;:&quot;0&quot;,&quot;title&quot;:&quot;&quot;,&quot;orientation&quot;:&quot;0&quot;}\" data-image-title=\"banner_seksjoner\" data-image-description=\"\" data-image-caption=\"\" data-medium-file=\"https:\/\/i0.wp.com\/www.fagforbundet468.com\/portal\/wp-content\/uploads\/banner_seksjoner1.jpg?fit=300%2C66&amp;ssl=1\" data-large-file=\"https:\/\/i0.wp.com\/www.fagforbundet468.com\/portal\/wp-content\/uploads\/banner_seksjoner1.jpg?fit=600%2C132&amp;ssl=1\" class=\"size-full wp-image-83 aligncenter\" src=\"https:\/\/i0.wp.com\/www.fagforbundet468.com\/portal\/wp-content\/uploads\/banner_seksjoner1.jpg?resize=600%2C132\" alt=\"banner_seksjoner\" width=\"600\" height=\"132\" srcset=\"https:\/\/i0.wp.com\/www.fagforbundet468.com\/portal\/wp-content\/uploads\/banner_seksjoner1.jpg?w=600&amp;ssl=1 600w, https:\/\/i0.wp.com\/www.fagforbundet468.com\/portal\/wp-content\/uploads\/banner_seksjoner1.jpg?resize=300%2C66&amp;ssl=1 300w\" sizes=\"auto, (max-width: 600px) 100vw, 600px\" \/><\/a><\/p>\n","protected":false},"excerpt":{"rendered":"<p>Fagforbundet er LOs st\u00f8rste forbund, med over 355 000 medlemmer. V\u00e5r\u00a0hovedoppgave er \u00e5 sikre medlemmene gode og trygge l\u00f8nns- og arbeidsvilk\u00e5r. Som landets st\u00f8rste arbeidstakerorganisasjon&#8230;<\/p>\n","protected":false},"author":1,"featured_media":0,"parent":0,"menu_order":1,"comment_status":"open","ping_status":"closed","template":"","meta":{"jetpack_post_was_ever_published":false,"footnotes":""},"class_list":["post-2","page","type-page","status-publish","hentry"],"jetpack_sharing_enabled":true,"jetpack_shortlink":"https:\/\/wp.me\/P173ho-2","jetpack-related-posts":[{"id":29,"url":"https:\/\/www.fagforbundet468.com\/portal\/ungdom\/","url_meta":{"origin":2,"position":0},"title":"Ungdom","author":"Idar \u00c5dnesen","date":"7. september 2015","format":false,"excerpt":"Fagforbundet er Norges og LOs st\u00f8rste arbeidstakerorganisasjon med om lag 340.000 medlemmer. Fagforbundet organiserer arbeidstakere i kommunale, fylkeskommunale, private og offentlige virksomheter. Fagforbundet Ungdom er ungdomsorganiseringen til Fagforbundet. Nesten 35.000 av Fagforbundets medlemmer er 30 \u00e5r eller yngre - enten de er yrkesaktive, elever, l\u00e6rlinger og studenter. Fagforbundet trenger ungdom\u2026","rel":"","context":"Liknende innlegg","block_context":{"text":"Liknende innlegg","link":""},"img":{"alt_text":"","src":"","width":0,"height":0},"classes":[]},{"id":21,"url":"https:\/\/www.fagforbundet468.com\/portal\/seksjoner\/","url_meta":{"origin":2,"position":1},"title":"Yrkesseksjoner","author":"Idar \u00c5dnesen","date":"7. september 2015","format":false,"excerpt":"\u00a0 \u00a0 \u00a0 \u00a0 Fagforbundet er delt inn i 4 yrkesfaglige seksjoner. Seksjonens hovedoppgaver er \u00e5 tilrettelegge for gode faglige og politiske rammer for seksjonens yrkesgrupper. Seksjonene har egne valgte styrer og budsjetter som er fordelt etter antall medlemmer. Mer om v\u00e5re seksjoner finner du under. SosialYrkesseksjon HS Yrkesseksjon ST\u2026","rel":"","context":"Liknende innlegg","block_context":{"text":"Liknende innlegg","link":""},"img":{"alt_text":"","src":"","width":0,"height":0},"classes":[]},{"id":54,"url":"https:\/\/www.fagforbundet468.com\/portal\/leilighet\/reglervedtekter\/","url_meta":{"origin":2,"position":2},"title":"Vedtekter og Priser","author":"Idar \u00c5dnesen","date":"13. september 2015","format":false,"excerpt":"Leiligheten p\u00e5 V\u00e5gslid eies av medlemmene i Fagforbundet Avd. 468 og er underlagt \u00e5rsm\u00f8te i foreningen. Om man \u00f8nsker endring av regler\/vedtekter m\u00e5 dette stemmes over p\u00e5 et \u00e5rsm\u00f8te. Bruk av leiligheten: Leiligheten er beregnet til bruk for medlemmer sammen med familie\/venner. Det forutsettes at de som f\u00e5r tildelt leiligheten\u2026","rel":"","context":"Liknende innlegg","block_context":{"text":"Liknende innlegg","link":""},"img":{"alt_text":"","src":"","width":0,"height":0},"classes":[]},{"id":31,"url":"https:\/\/www.fagforbundet468.com\/portal\/pensjonist\/","url_meta":{"origin":2,"position":3},"title":"Pensjonist","author":"Idar \u00c5dnesen","date":"7. september 2015","format":false,"excerpt":"Fagforbundet avd. 468 har en egen pensjonistforening som treffes for sosialt og nyttig p\u00e5fyll av informasjon flere ganger i \u00e5ret. Pensjonistkontakten i foreningen er fullverdig styremedlem og er pensjonistenes lange arm inn i styret. M\u00f8tedatoer 2022 for pensjonistforeningen finner du her Pensjonistforeningen pr\u00f8ver ogs\u00e5 \u00e5 arrangere turer hvert \u00e5r der\u2026","rel":"","context":"Liknende innlegg","block_context":{"text":"Liknende innlegg","link":""},"img":{"alt_text":"","src":"","width":0,"height":0},"classes":[]},{"id":36,"url":"https:\/\/www.fagforbundet468.com\/portal\/leilighet\/","url_meta":{"origin":2,"position":4},"title":"Leilighet","author":"Idar \u00c5dnesen","date":"7. september 2015","format":false,"excerpt":"Fagforbundet Avd. 468 har en flott leilighet p\u00e5 ved V\u00e5gslid p\u00e5 Haukelifjell som vi leier ut til v\u00e5re medlemmer. Leiligheten ligger flott plassert i alpinbakken med flott utsikt ut over hele dalen der det bare er \u00e5 spenne p\u00e5 seg langrenn eller alpint ski og nyte l\u00f8ypene. Leiligheten er utstyrt\u2026","rel":"","context":"Liknende innlegg","block_context":{"text":"Liknende innlegg","link":""},"img":{"alt_text":"","src":"","width":0,"height":0},"classes":[]},{"id":25,"url":"https:\/\/www.fagforbundet468.com\/portal\/seksjoner\/sst\/","url_meta":{"origin":2,"position":5},"title":"ST","author":"Idar \u00c5dnesen","date":"7. september 2015","format":false,"excerpt":"SST er en av Fagforbundets fire seksjoner. Seksjonens hovedoppgaver \u00e5 tilrettelegge for gode faglige og politiske rammer for ut\u00f8velsen til seksjonens yrkesgrupper. SST organiserer over 60 000 ansatte i kommunale og private virksomheter nasjonalt og ca. 100 lokalt.\u00a0Den st\u00f8rste gruppa er renholdere og renholdsoperat\u00f8rer, som utgj\u00f8r rundt halvparten av medlemmene\u2026","rel":"","context":"Liknende innlegg","block_context":{"text":"Liknende innlegg","link":""},"img":{"alt_text":"","src":"","width":0,"height":0},"classes":[]}],"_links":{"self":[{"href":"https:\/\/www.fagforbundet468.com\/portal\/wp-json\/wp\/v2\/pages\/2","targetHints":{"allow":["GET"]}}],"collection":[{"href":"https:\/\/www.fagforbundet468.com\/portal\/wp-json\/wp\/v2\/pages"}],"about":[{"href":"https:\/\/www.fagforbundet468.com\/portal\/wp-json\/wp\/v2\/types\/page"}],"author":[{"embeddable":true,"href":"https:\/\/www.fagforbundet468.com\/portal\/wp-json\/wp\/v2\/users\/1"}],"replies":[{"embeddable":true,"href":"https:\/\/www.fagforbundet468.com\/portal\/wp-json\/wp\/v2\/comments?post=2"}],"version-history":[{"count":10,"href":"https:\/\/www.fagforbundet468.com\/portal\/wp-json\/wp\/v2\/pages\/2\/revisions"}],"predecessor-version":[{"id":332,"href":"https:\/\/www.fagforbundet468.com\/portal\/wp-json\/wp\/v2\/pages\/2\/revisions\/332"}],"wp:attachment":[{"href":"https:\/\/www.fagforbundet468.com\/portal\/wp-json\/wp\/v2\/media?parent=2"}],"curies":[{"name":"wp","href":"https:\/\/api.w.org\/{rel}","templated":true}]}}